{"id":37,"date":"2018-12-21T20:12:08","date_gmt":"2018-12-21T20:12:08","guid":{"rendered":"https:\/\/erhard-lorenz.de\/deutschland\/?page_id=37"},"modified":"2026-01-14T17:37:58","modified_gmt":"2026-01-14T17:37:58","slug":"staatsvolk","status":"publish","type":"page","link":"https:\/\/www.erhard-lorenz.de\/deutschland\/staatsvolk\/","title":{"rendered":"Staatsvolk"},"content":{"rendered":"<div class=\"pdfprnt-buttons pdfprnt-buttons-page pdfprnt-top-bottom-right\"><a href=\"https:\/\/www.erhard-lorenz.de\/deutschland\/wp-json\/wp\/v2\/pages\/37?print=pdf\" class=\"pdfprnt-button pdfprnt-button-pdf\" target=\"_blank\" ><\/a><a href=\"https:\/\/www.erhard-lorenz.de\/deutschland\/wp-json\/wp\/v2\/pages\/37?print=print\" class=\"pdfprnt-button pdfprnt-button-print\" target=\"_blank\" ><img decoding=\"async\" src=\"https:\/\/www.erhard-lorenz.de\/deutschland\/wp-content\/plugins\/pdf-print\/images\/print.png\" alt=\"image_print\" title=\"Inhalt drucken\" \/><\/a><\/div><p style=\"text-align: justify;\">Nach der <b>Drei-Elemente-Lehre<\/b> ist der Staat ein soziales Gebilde, dessen konstituierende Merkmale ein von Grenzen umgebenes Territorium (<a href=\"http:\/\/nationalstaat-deutschland.de\/einheit\/staatsgebiet\/\"><i>Staatsgebiet<\/i><\/a>), eine darauf als Kernbev\u00f6lkerung ans\u00e4\u00dfige Gruppe von Menschen (<a href=\"http:\/\/nationalstaat-deutschland.de\/einheit\/staatsvolk\/\"><i>Staatsvolk<\/i><\/a>) sowie eine auf diesem Gebiet herrschende <a href=\"http:\/\/nationalstaat-deutschland.de\/einheit\/staatsordnung\/\"><i>Staatsordnung<\/i><\/a> kennzeichnen.<\/p>\n<blockquote>\n<p style=\"text-align: justify;\"><strong>Der Begriff Staatsvolk bezeichnet im urspr\u00fcnglichen Sinne eine Gemeinschaft von Menschen, die als Volk (Staatsgrenzen \u00fcbergreifend) oder Teil eines Volkes \u00fcber gleiche Abstammung, Sprache und Kultur, ggf. Geschichte verbunden sind und die \u00fcber ein gemeinsames Staatswesen auf einem bestimmten Territorium verf\u00fcgen (Nation).<\/strong><span style=\"color: #800000;\"><em> Nicht zu vergleichen mit dem sogenannten Staatsvolk eines Vereinigten Wirtschaftsgebiet (V\u00f6lkerrechts<strong>subjekt<\/strong> &#8222;Bundesrepublik Deutschland&#8220;), die als Staatsvolk die Gesamtheit aller in seinem Rechtskreis lebenden Menschen meint, demgem\u00e4\u00df alle die einen Personalausweis der Bundesrepublik Deutschland erworben haben.<\/em><\/span><\/p>\n<p style=\"text-align: justify;\">Das Staatsvolk einer Nation oder Bundesstaates, hat durch den Nachweis seiner jeweiligen Staatsangeh\u00f6rigkeit Rechte und Pflichten, eines davon ist das Wahlrecht. Menschen ohne Staatsangeh\u00f6rigkeit (<em>Volkszugeh\u00f6rige, Staatenlose, unter Betreuung stehende, Personal<\/em>) mangelt es am Wahl- und Mitbestimmungsrecht der Nation oder des Bundesstaates, (<em>siehe die BRD und ehemalige DDR<\/em>).<\/p>\n<\/blockquote>\n<p style=\"text-align: justify;\"><span style=\"color: #800080;\"><strong>Nach diesem Ma\u00dfstab betrachten wir die Verfassung die f\u00fcr Deutschland im Deutschen Reich gilt und nachfolgend dazu im Vergleich das <em>Grundgesetz f\u00fcr die BRD<\/em>, die DDR-Verfassung und die Weimarer Verfassung.<\/strong><\/span><\/p>\n<hr \/>\n<p style=\"text-align: center;\" align=\"left\"><a href=\"https:\/\/www.verfassung-deutschland.de\/#Artikel3\"><b>Artikel 3<\/b><\/a><\/p>\n<p style=\"text-align: justify;\" align=\"center\"><span style=\"color: #008000;\">F\u00fcr ganz<\/span> <a href=\"http:\/\/nationalstaat-deutschland.de\/einheit\/staatsgebiet\/\">Deutschland<\/a> <span style=\"color: #008000;\">besteht ein gemeinsames Indigenat mit der Wirkung, da\u00df der Angeh\u00f6rige (Unterthan, Staatsb\u00fcrger) eines jeden Bundesstaates in jedem anderen Bundesstaate als Inl\u00e4nder zu behandeln und demgem\u00e4\u00df zum festen Wohnsitz, zum Gewerbebetriebe, zu \u00f6ffentlichen \u00c4mtern, zur Erwerbung von Grundst\u00fccken, zur Erlangung des Staatsb\u00fcrgerrechtes und zum Genusse aller sonstigen b\u00fcrgerlichen Rechte unter denselben Voraussetzungen wie der Einheimische zuzulassen, auch in Betreff der Rechtsverfolgung und des Rechtsschutzes demselben gleich zu behandeln ist.<\/span><\/p>\n<p style=\"text-align: justify;\" align=\"center\"><span style=\"color: #008000;\">Kein Deutscher darf in der Aus\u00fcbung dieser Befugnis durch die Obrigkeit seiner Heimath, oder durch die Obrigkeit eines anderen Bundesstaates beschr\u00e4nkt werden.<\/span><\/p>\n<p style=\"text-align: justify;\" align=\"center\"><span style=\"color: #008000;\">Diejenigen Bestimmungen, welche die Armenversorgung und die Aufnahme in den lokalen Gemeindeverband betreffen, werden durch den im ersten Absatz ausgesprochenen Grundsatz nicht ber\u00fchrt.<\/span><\/p>\n<p style=\"text-align: justify;\" align=\"center\"><span style=\"color: #008000;\">Ebenso bleiben bis auf \u00a0Weiteres die Vertr\u00e4ge in Kraft, welche zwischen den einzelnen Bundesstaaten in Beziehung auf die \u00dcbernahme von Auszuweisenden, die Verpflegung erkrankter und die Beerdigung verstorbener Staatsangeh\u00f6rigen bestehen.<\/span><\/p>\n<p style=\"text-align: justify;\" align=\"center\"><span style=\"color: #008000;\">Hinsichtlich der Erf\u00fcllung der Militairpflicht im Verh\u00e4ltnis zu dem Heimathslande wird im Wege der Reichsgesetzgebung das N\u00f6thige geordnet werden.<\/span><\/p>\n<p style=\"text-align: justify;\" align=\"center\"><span style=\"color: #008000;\">Dem Auslande gegen\u00fcber haben alle Deutschen gleichm\u00e4\u00dfig Anspruch auf den Schutz des Reichs.<\/span><\/p>\n<p align=\"center\"><a href=\"https:\/\/www.verfassung-deutschland.de\/#Artikel4\"><b>Artikel 4<\/b><\/a><\/p>\n<p style=\"text-align: justify;\" align=\"center\"><span style=\"color: #008000;\">Der Beaufsichtigung Seitens des Reichs und der Gesetzgebung desselben unterliegen die nachstehenden Angelegenheiten:<\/span><\/p>\n<p style=\"text-align: justify;\"><span style=\"color: #008000;\">1. die Bestimmungen \u00fcber Freiz\u00fcgigkeit, Heimaths- und Niederlassungs-Verh\u00e4ltnisse, Staatsb\u00fcrgerrecht, Pa\u00dfwesen und Fremdenpolizei und \u00fcber den Gewerbebetrieb, einschlie\u00dflich des Versicherungswesens, soweit die Gegenst\u00e4nde nicht schon durch den Artikel 3 dieser Verfassung erledigt sind, in Bayern jedoch mit Ausschlu\u00df der Heimaths- und Niederlassungs-Verh\u00e4ltnisse, desgleichen \u00fcber die Kolonisation und die Auswanderung nach au\u00dferdeutschen L\u00e4ndern;<\/span><\/p>\n<p style=\"text-align: justify;\"><span style=\"color: #008000;\">6. der Schutz des geistigen Eigenthums; usw. usw.<\/span><\/p>\n<p style=\"text-align: justify;\"><span style=\"font-size: 14pt; color: #008000;\"><strong>Zus\u00e4tzlich und erg\u00e4nzend\u00a0 war das Bundes- und Staatsangeh\u00f6rigkeitsgesetz vom 01.06.1870 in Kraft, das zum 01. Januar 1914 durch das Reichs- und Staatsangeh\u00f6rigkeitsgesetz vom\u00a0 11. Juli 1913, ersetzt wurde. Zitat von \u00a7 1, des RuStaG &#8222;Deutscher ist, wer die Staatsangeh\u00f6rigkeit in einem Bundesstaat (\u00a7\u00a7 3 bis 32) oder die unmittelbare Reichsangeh\u00f6rigkeit (\u00a7\u00a7 3 bis 35) besitzt.&#8220;<\/strong><\/span><\/p>\n<blockquote>\n<p style=\"text-align: justify;\"><span style=\"color: #ff0000;\">Zusatzbemerkung: Die Staatsangeh\u00f6rigkeit aus den beiden Staatsangeh\u00f6rigkeitsgesetzen und der Verfassung beziehen sich immer auf die Existenz der Bundesstaaten, die als teilsouver\u00e4ne Gliedstaaten das Bundesgebiet darstellen. Eine Ver\u00e4nderung der Staaten bedeutet eine Ver\u00e4nderung des Staatsvolkes, das sich seit 1921 \u00fcber die Personalausweise ausdr\u00fcckt.<\/span><\/p>\n<\/blockquote>\n<hr \/>\n<p style=\"text-align: center;\" align=\"center\"><span style=\"color: #800000;\"><em><strong>Grundgesetz f\u00fcr die Bundesrepublik Deutschland<\/strong><\/em><\/span><\/p>\n<p style=\"text-align: center;\" align=\"center\"><span style=\"color: #800000;\"><em>Artikel 116 alte und neue Fassung<br \/>\n<\/em><\/span><\/p>\n<p style=\"text-align: justify;\"><span style=\"color: #800000;\"><em>Art. 116. (1) Deutscher im Sinne dieses Grundgesetzes ist vorbehaltlich anderweitiger gesetzlicher Regelung, wer die deutsche Staatsangeh\u00f6rigkeit besitzt oder als Fl\u00fcchtling oder Vertriebener deutscher Volkszugeh\u00f6rigkeit oder als dessen Ehegatte oder Abk\u00f6mmling in dem Gebiete des Deutschen Reiches nach dem Stande vom 31. Dezember 1937 Aufnahme gefunden hat. <\/em><\/span><br \/>\n<span style=\"color: #800000;\"><em>(2) Fr\u00fchere deutsche Staatsangeh\u00f6rige, denen zwischen dem 30. Januar 1933 und dem 8. Mai 1945 die Staatsangeh\u00f6rigkeit aus politischen, rassischen oder religi\u00f6sen Gr\u00fcnden entzogen worden ist, und ihre Abk\u00f6mmlinge sind auf Antrag wieder einzub\u00fcrgern. Sie gelten als nicht ausgeb\u00fcrgert, sofern sie nach dem 8. Mai 1945 ihren Wohnsitz in Deutschland genommen haben und nicht einen entgegengesetzten Willen zum Ausdruck gebracht haben.<\/em><\/span><\/p>\n<blockquote>\n<p style=\"text-align: justify;\"><span style=\"color: #ff0000;\">Zusatzbemerkung: Die deutsche Staatsangeh\u00f6rigkeit geht nicht aus dem Grundgesetz hervor, sondern ist nur vorbehaltlich anderweitiger gesetzlicher Regelungen zu finden. Die BRD bezieht sich mit der Grenzanerkennung vom 31.12.1937 eindeutig auf das Gebiet, da\u00df durch das Versailler Diktat festgelegt und\u00a0 durch die Weimarer Verfassung anerkannt wurde. Somit erkennt das Grundgesetz das Versailler Diktat an und bekennt sich zum Rechtsnachfolger der Fremdverwaltungen.\u00a0 <strong>Sehr wichtig ist die Tatsache, da\u00df es im Artikel 116 nicht um die Staatsangeh\u00f6rigkeit von Heimatdeutschen oder Fl\u00fcchtlingsdeutschen geht, sondern um die Volkszugeh\u00f6rigkeit der sogenannten Juden, die man nach Ende des sogenannten 2ten Weltkrieges f\u00fcr den Aufbau von ISRAEL ben\u00f6tigte oder w\u00e4hrend des Krieges in andere L\u00e4nder gefl\u00fcchtet sind.<\/strong><\/span><\/p>\n<\/blockquote>\n<hr \/>\n<p style=\"text-align: center;\"><span style=\"color: #ff00ff;\"><strong>Verfassung der Deutschen Demokratischen Republik<\/strong><\/span><br \/>\n<span style=\"color: #ff00ff;\">vom 7. Oktober 1949<\/span><\/p>\n<p><span style=\"color: #ff00ff;\"><strong><em>Art. 1.\u00a0Es gibt nur eine deutsche Staatsangeh\u00f6rigkeit. <\/em><\/strong><\/span><\/p>\n<p><em><span style=\"color: #ff00ff;\"><strong>Art. 3. Alle Staatsgewalt geht vom Volke aus.usw. usw.<\/strong><\/span><br \/>\n<\/em><\/p>\n<blockquote>\n<p style=\"text-align: justify;\"><span style=\"color: #ff0000;\">Zusatzbemerkung: Die deutsche Staatsangeh\u00f6rigkeit kann aus der Verfassung nicht ermittelt werden. Obwohl die DDR-Verfassung haupts\u00e4chlich auf Rechte und Vorschriften f\u00fcr seine B\u00fcrger aufgebaut wurde, kann jeder ehrliche und neutrale Mensch feststellen, da\u00df die Gleichheit der DDR-Bev\u00f6lkerung nie stattfand und auch nie praktiziert wurde. Ein Staatsangeh\u00f6rigkeitsgesetz unter Fremdverwaltung und der erlebten Politik der DDR ist eine Farce in der deutschen Geschichte.<\/span><\/p>\n<\/blockquote>\n<hr \/>\n<p align=\"center\"><strong>Weimarer Reichsverfassung<\/strong><\/p>\n<p align=\"center\">Stand 11. August 1919<\/p>\n<p style=\"text-align: left;\" align=\"center\"><strong>Artikel 1. <\/strong>Das Deutsche Reich ist eine Republik. Die Staatsgewalt geht vom Volke aus.<\/p>\n<blockquote>\n<p style=\"text-align: justify;\" align=\"center\"><strong>Die fremdgesteuerte Marionettenreichsregierung benutzt f\u00fcr ihren Staatsstreich das zum 01. Januar 1914 in Kraft gesetzte Reichs- und Staatsangeh\u00f6rigkeitsgesetz vom\u00a0 11. Juli 1913. <\/strong><em>Zitat von \u00a7 1, des RuStaG<\/em><strong><span style=\"color: #008000;\"> &#8222;Deutscher ist, wer die Staatsangeh\u00f6rigkeit in einem Bundesstaat (\u00a7\u00a7 3 bis 32) oder die unmittelbare Reichsangeh\u00f6rigkeit (\u00a7\u00a7 3 bis 35) besitzt.&#8220;<\/span> Es darf verstanden werden, da\u00df die damaligen Staatsangeh\u00f6rigen durch die Vasallenregierung im Rechtsverkehr get\u00e4uscht wurden, womit jede Wahl und jeder Volksentscheid ab dem 29.10.1918 als nichtig erkl\u00e4rt werden mu\u00df.<br \/>\n<\/strong><\/p>\n<p style=\"text-align: justify;\" align=\"center\"><span style=\"color: #ff0000;\">Zusatzbemerkung: Die Weimarer Republik hatte zu keinem Moment ihrer Existenz ein eigenes Staatsvolk. Das Staatsgebiet umfa\u00dft nur die Grenzen, die das Versailler Diktat festgelegt hatte. Der nachfolgende F\u00fchrerstaat \u00fcbernahm nur Staatenlose und erm\u00e4chtigte sich selbst, die Bev\u00f6lkerung zu Reichsangeh\u00f6rigen des geplanten Gro\u00dfdeutschen Reiches zu machen. Artikel 1 des Nazi-Staatsangeh\u00f6rigkeitsgesetzes (2te Fassung) lautete wie folgt: &#8222;<em><strong>Deutscher ist, wer die &#8230; unmittelbare Reichsangeh\u00f6rigkeit &#8230; besitzt<\/strong><\/em>&#8222;. Dieses Gesetz wurde durch die BRD so \u00fcbernommen und bis in die Neuzeit verwendet. Ab Dezember 2010 wurd der Begriff &#8222;Reich&#8220; mit &#8222;Staat&#8220; ausgetauscht.<\/span><\/p>\n<\/blockquote>\n<hr \/>\n<blockquote>\n<p style=\"text-align: justify;\" align=\"center\"><span style=\"color: #0000ff; font-size: 14pt;\"><strong>Keine der zwei ehemalig verwendeten Verfassungen und das Grundgesetz kann das Staatsvolk so genau definieren wie Artikel 3 der Verfassung des Deutschen Reiches und das RuStaG 1913, da Beide zu keiner Zeit au\u00dfer Kraft gesetzt wurden. Hinzu kommt, da\u00df unsere Verfassung und das RuStaG 1913 durch die beiden Verfassungsorgane Bundesrath und Reichstag beschlossen und in Kraft gesetzt wurden, w\u00e4hrend die Weimarer- und DDR-Verfassung, das Grundgesetz und die verwendeten Staatsangeh\u00f6rigkeitsgesetze nur von fremdgesteuerten Verwaltungen erschaffen und oktroyiert wurden.<\/strong><\/span><\/p>\n<\/blockquote>\n<hr \/>\n<p style=\"text-align: justify;\" align=\"center\"><span style=\"font-size: 14pt; color: #008000;\"><strong>Am 29. Mai 2008 beschlossen 21 Statusdeutsche unter der Leitung von Erhard Lorenz, im Sinne der Erfreiung Deutschlands und im Gegensatz zu allen damaligen Bewegungen oder kommissarischen Reichsregierungen, da\u00df nur die Vollverfassung 1871 die richtige Verfassung ist und da\u00df mit der Wiederbelebung des Bundesrathes (der damals tats\u00e4chliche Souver\u00e4n) das Deutsche Volk wieder in der Lage sein wird, das Deutsche Reich v\u00f6lkerrechtlich und staatsrechtlich handlungsf\u00e4hig einzurichten. Nach diesem Beschlu\u00df wurde jede Ma\u00dfnahme, jeder Beschlu\u00df, jedes Gesetz und jedes Dokument gem\u00e4\u00df den wahren Gesetzen des Deutschen Reichs, letzter \u00c4nderungsstand 28. Oktober 1918, legitimiert oder in Kraft gesetzt. <\/strong><\/span><\/p>\n<p style=\"text-align: justify;\" align=\"center\"><span style=\"font-size: 14pt;\"><strong><span style=\"color: #008000;\">Zum 18. April 2018 waren die Vorbereitungen f\u00fcr die wahre Wiedervereinigung &#8222;Deutschland als Ganzes&#8220; abgeschlossen.<\/span> <span style=\"color: #800080;\">Nun mu\u00df das Deutsche Volk handeln!<\/span><\/strong><\/span><\/p>\n<p style=\"text-align: right;\" align=\"center\">Herausgegeben vom Bundespr\u00e4sidium am 21. Dezember 2018<\/p>\n<div><\/div>\n<div>\n<table class=\" aligncenter\" style=\"width: 80.2707%; background-color: #dbdbb6;\">\n<tbody>\n<tr>\n<td style=\"width: 100%;\">\n<blockquote><p><strong>Und wie komme ich nun an die mir zustehende Reichs- und Staatsangeh\u00f6rigkeit?<\/strong><\/p>\n<p>1. Studiere die <a href=\"https:\/\/www.mmgz.de\/Zeitung\/13-schritte\/\">13 Schritte<\/a> solange, bis Du diese zweifelsfrei verstanden hast;<\/p>\n<p style=\"text-align: justify;\">2. Du vertraust uns und besorgst Dir Dokumente, damit Du im Besitz eines Dokumentes bist, das unter dem Hoheitsrecht <a href=\"https:\/\/www.nationalstaat-deutschland.de\/einheit\/\">Deines Heimatstaates<\/a> herausgegeben wurde und die echte deutsche Staatsangeh\u00f6rigkeit nachweist;<\/p>\n<p style=\"text-align: justify;\">3. Mit Erhalt Deines Reichsdokumentes (Ausweis, Urkunde) bist Du gem\u00e4\u00df <a href=\"https:\/\/www.deutscher-reichsanzeiger.de\/rgbl\/personenstandsgesetz-1875-stand-18-08-1896\/\">Personenstandsgesetz<\/a> des wahren Deutschlands im <a href=\"https:\/\/www.bundespraesidium.de\/standesamt\/\">Personenstandsregister<\/a> registriert und bist endlich <a href=\"https:\/\/www.deutscher-reichsanzeiger.de\/rgbl\/rustag-1913\/\">Reichs- und Staatsangeh\u00f6rig<\/a>. Ab diesem Zeitpunkt stehen Dir wieder Rechte zu, die Dir durch dieses System entm\u00fcndigt wurden, wie z.B. Privathaftung durch Sch\u00e4diger, T\u00e4uscher;<\/p>\n<p style=\"text-align: justify;\">4. Bevor Du Dich mit dem \u201cSystem\u201d auseinandersetzt, studiere ich die <a href=\"https:\/\/www.deutscher-reichsanzeiger.de\/rgbl\/Archiv\/\">Gesetze des Deutschen Reiches<\/a>, denn diese gehen den Landesgesetzen (darunter f\u00e4llt auch die BRD,der Bund und die EU) vor, siehe <a href=\"https:\/\/www.verfassung-deutschland.de\/#Artikel2\">Artikel 2 der Reichsverfassung<\/a>.<\/p>\n<p style=\"text-align: justify;\">5. Ben\u00f6tigst Du juristische Hilfe oder eine Beratung, dann wende Dich an ein es unserer <a href=\"https:\/\/www.volks-buero.de\">Volks-B\u00fcros<\/a> oder an die Reichsanwaltschaft unter zentrale@reichsanwalt.de<\/p>\n<\/blockquote>\n<\/td>\n<\/tr>\n<\/tbody>\n<\/table>\n<\/div>\n<div class=\"pdfprnt-buttons pdfprnt-buttons-page pdfprnt-top-bottom-right\"><a href=\"https:\/\/www.erhard-lorenz.de\/deutschland\/wp-json\/wp\/v2\/pages\/37?print=pdf\" class=\"pdfprnt-button pdfprnt-button-pdf\" target=\"_blank\" ><\/a><a href=\"https:\/\/www.erhard-lorenz.de\/deutschland\/wp-json\/wp\/v2\/pages\/37?print=print\" class=\"pdfprnt-button pdfprnt-button-print\" target=\"_blank\" ><img decoding=\"async\" src=\"https:\/\/www.erhard-lorenz.de\/deutschland\/wp-content\/plugins\/pdf-print\/images\/print.png\" alt=\"image_print\" title=\"Inhalt drucken\" \/><\/a><\/div>","protected":false},"excerpt":{"rendered":"<p>Nach der Drei-Elemente-Lehre ist der Staat ein soziales Gebilde, dessen konstituierende Merkmale ein von Grenzen umgebenes Territorium (Staatsgebiet), eine darauf [&hellip;]<\/p>\n","protected":false},"author":1,"featured_media":0,"parent":0,"menu_order":0,"comment_status":"closed","ping_status":"closed","template":"","meta":{"footnotes":""},"class_list":["post-37","page","type-page","status-publish","hentry"],"yoast_head":"<!-- This site is optimized with the Yoast SEO plugin v27.3 - https:\/\/yoast.com\/product\/yoast-seo-wordpress\/ -->\n<title>Staatsvolk - Deutschland als Ganzes oder Nationalstaat Deutschland<\/title>\n<meta name=\"robots\" content=\"index, follow, max-snippet:-1, max-image-preview:large, max-video-preview:-1\" \/>\n<link rel=\"canonical\" href=\"https:\/\/www.erhard-lorenz.de\/deutschland\/staatsvolk\/\" \/>\n<meta property=\"og:locale\" content=\"de_DE\" \/>\n<meta property=\"og:type\" content=\"article\" \/>\n<meta property=\"og:title\" content=\"Staatsvolk - Deutschland als Ganzes oder Nationalstaat Deutschland\" \/>\n<meta property=\"og:description\" content=\"Nach der Drei-Elemente-Lehre ist der Staat ein soziales Gebilde, dessen konstituierende Merkmale ein von Grenzen umgebenes Territorium (Staatsgebiet), eine darauf [&hellip;]\" \/>\n<meta property=\"og:url\" content=\"https:\/\/www.erhard-lorenz.de\/deutschland\/staatsvolk\/\" \/>\n<meta property=\"og:site_name\" content=\"Deutschland als Ganzes oder Nationalstaat Deutschland\" \/>\n<meta property=\"article:modified_time\" content=\"2026-01-14T17:37:58+00:00\" \/>\n<meta name=\"twitter:card\" content=\"summary_large_image\" \/>\n<meta name=\"twitter:label1\" content=\"Gesch\u00e4tzte Lesezeit\" \/>\n\t<meta name=\"twitter:data1\" content=\"4\u00a0Minuten\" \/>\n<script type=\"application\/ld+json\" class=\"yoast-schema-graph\">{\"@context\":\"https:\\\/\\\/schema.org\",\"@graph\":[{\"@type\":\"WebPage\",\"@id\":\"https:\\\/\\\/www.erhard-lorenz.de\\\/deutschland\\\/staatsvolk\\\/\",\"url\":\"https:\\\/\\\/www.erhard-lorenz.de\\\/deutschland\\\/staatsvolk\\\/\",\"name\":\"Staatsvolk - Deutschland als Ganzes oder Nationalstaat Deutschland\",\"isPartOf\":{\"@id\":\"https:\\\/\\\/www.erhard-lorenz.de\\\/deutschland\\\/#website\"},\"datePublished\":\"2018-12-21T20:12:08+00:00\",\"dateModified\":\"2026-01-14T17:37:58+00:00\",\"breadcrumb\":{\"@id\":\"https:\\\/\\\/www.erhard-lorenz.de\\\/deutschland\\\/staatsvolk\\\/#breadcrumb\"},\"inLanguage\":\"de\",\"potentialAction\":[{\"@type\":\"ReadAction\",\"target\":[\"https:\\\/\\\/www.erhard-lorenz.de\\\/deutschland\\\/staatsvolk\\\/\"]}]},{\"@type\":\"BreadcrumbList\",\"@id\":\"https:\\\/\\\/www.erhard-lorenz.de\\\/deutschland\\\/staatsvolk\\\/#breadcrumb\",\"itemListElement\":[{\"@type\":\"ListItem\",\"position\":1,\"name\":\"Startseite\",\"item\":\"https:\\\/\\\/www.erhard-lorenz.de\\\/deutschland\\\/\"},{\"@type\":\"ListItem\",\"position\":2,\"name\":\"Staatsvolk\"}]},{\"@type\":\"WebSite\",\"@id\":\"https:\\\/\\\/www.erhard-lorenz.de\\\/deutschland\\\/#website\",\"url\":\"https:\\\/\\\/www.erhard-lorenz.de\\\/deutschland\\\/\",\"name\":\"Deutschland als Ganzes oder Nationalstaat Deutschland\",\"description\":\"Deutschland 1871 bis 1918 ab 2008 bis heute\",\"potentialAction\":[{\"@type\":\"SearchAction\",\"target\":{\"@type\":\"EntryPoint\",\"urlTemplate\":\"https:\\\/\\\/www.erhard-lorenz.de\\\/deutschland\\\/?s={search_term_string}\"},\"query-input\":{\"@type\":\"PropertyValueSpecification\",\"valueRequired\":true,\"valueName\":\"search_term_string\"}}],\"inLanguage\":\"de\"}]}<\/script>\n<!-- \/ Yoast SEO plugin. -->","yoast_head_json":{"title":"Staatsvolk - Deutschland als Ganzes oder Nationalstaat Deutschland","robots":{"index":"index","follow":"follow","max-snippet":"max-snippet:-1","max-image-preview":"max-image-preview:large","max-video-preview":"max-video-preview:-1"},"canonical":"https:\/\/www.erhard-lorenz.de\/deutschland\/staatsvolk\/","og_locale":"de_DE","og_type":"article","og_title":"Staatsvolk - Deutschland als Ganzes oder Nationalstaat Deutschland","og_description":"Nach der Drei-Elemente-Lehre ist der Staat ein soziales Gebilde, dessen konstituierende Merkmale ein von Grenzen umgebenes Territorium (Staatsgebiet), eine darauf [&hellip;]","og_url":"https:\/\/www.erhard-lorenz.de\/deutschland\/staatsvolk\/","og_site_name":"Deutschland als Ganzes oder Nationalstaat Deutschland","article_modified_time":"2026-01-14T17:37:58+00:00","twitter_card":"summary_large_image","twitter_misc":{"Gesch\u00e4tzte Lesezeit":"4\u00a0Minuten"},"schema":{"@context":"https:\/\/schema.org","@graph":[{"@type":"WebPage","@id":"https:\/\/www.erhard-lorenz.de\/deutschland\/staatsvolk\/","url":"https:\/\/www.erhard-lorenz.de\/deutschland\/staatsvolk\/","name":"Staatsvolk - Deutschland als Ganzes oder Nationalstaat Deutschland","isPartOf":{"@id":"https:\/\/www.erhard-lorenz.de\/deutschland\/#website"},"datePublished":"2018-12-21T20:12:08+00:00","dateModified":"2026-01-14T17:37:58+00:00","breadcrumb":{"@id":"https:\/\/www.erhard-lorenz.de\/deutschland\/staatsvolk\/#breadcrumb"},"inLanguage":"de","potentialAction":[{"@type":"ReadAction","target":["https:\/\/www.erhard-lorenz.de\/deutschland\/staatsvolk\/"]}]},{"@type":"BreadcrumbList","@id":"https:\/\/www.erhard-lorenz.de\/deutschland\/staatsvolk\/#breadcrumb","itemListElement":[{"@type":"ListItem","position":1,"name":"Startseite","item":"https:\/\/www.erhard-lorenz.de\/deutschland\/"},{"@type":"ListItem","position":2,"name":"Staatsvolk"}]},{"@type":"WebSite","@id":"https:\/\/www.erhard-lorenz.de\/deutschland\/#website","url":"https:\/\/www.erhard-lorenz.de\/deutschland\/","name":"Deutschland als Ganzes oder Nationalstaat Deutschland","description":"Deutschland 1871 bis 1918 ab 2008 bis heute","potentialAction":[{"@type":"SearchAction","target":{"@type":"EntryPoint","urlTemplate":"https:\/\/www.erhard-lorenz.de\/deutschland\/?s={search_term_string}"},"query-input":{"@type":"PropertyValueSpecification","valueRequired":true,"valueName":"search_term_string"}}],"inLanguage":"de"}]}},"_links":{"self":[{"href":"https:\/\/www.erhard-lorenz.de\/deutschland\/wp-json\/wp\/v2\/pages\/37","targetHints":{"allow":["GET"]}}],"collection":[{"href":"https:\/\/www.erhard-lorenz.de\/deutschland\/wp-json\/wp\/v2\/pages"}],"about":[{"href":"https:\/\/www.erhard-lorenz.de\/deutschland\/wp-json\/wp\/v2\/types\/page"}],"author":[{"embeddable":true,"href":"https:\/\/www.erhard-lorenz.de\/deutschland\/wp-json\/wp\/v2\/users\/1"}],"replies":[{"embeddable":true,"href":"https:\/\/www.erhard-lorenz.de\/deutschland\/wp-json\/wp\/v2\/comments?post=37"}],"version-history":[{"count":3,"href":"https:\/\/www.erhard-lorenz.de\/deutschland\/wp-json\/wp\/v2\/pages\/37\/revisions"}],"predecessor-version":[{"id":230,"href":"https:\/\/www.erhard-lorenz.de\/deutschland\/wp-json\/wp\/v2\/pages\/37\/revisions\/230"}],"wp:attachment":[{"href":"https:\/\/www.erhard-lorenz.de\/deutschland\/wp-json\/wp\/v2\/media?parent=37"}],"curies":[{"name":"wp","href":"https:\/\/api.w.org\/{rel}","templated":true}]}}